{"id":4689,"date":"2022-01-18T16:35:28","date_gmt":"2022-01-18T16:35:28","guid":{"rendered":"https:\/\/prod.animauxenligne.com\/blog\/?page_id=4689"},"modified":"2022-01-18T19:06:32","modified_gmt":"2022-01-18T19:06:32","slug":"sitemap-magazine-animauxenligne","status":"publish","type":"page","link":"https:\/\/animauxenligne.com\/blog\/sitemap-magazine-animauxenligne\/","title":{"rendered":"Sitemap"},"content":{"rendered":"\n<div class=\"wp-block-columns is-layout-flex wp-container-core-columns-is-layout-28f84493 wp-block-columns-is-layout-flex\">\n<div class=\"wp-block-column is-layout-flow wp-block-column-is-layout-flow\">\n<h2 class=\"wp-block-heading\">CAT\u00c9GORIES<\/h2>\n\n\n\n<p><a href=\"https:\/\/prod.animauxenligne.com\/blog\/\">Nouveaut\u00e9<\/a><\/p>\n\n\n\n<p><a href=\"https:\/\/prod.animauxenligne.com\/blog\/le-chien\/\">Chien<\/a><\/p>\n\n\n\n<p><a href=\"https:\/\/prod.animauxenligne.com\/blog\/le-chat\/\">Chat<\/a><\/p>\n\n\n\n<p><a href=\"https:\/\/prod.animauxenligne.com\/blog\/toilettage-danimaux\/\">Toilettage<\/a><\/p>\n\n\n\n<p><a href=\"https:\/\/prod.animauxenligne.com\/blog\/essais-et-comparatifs\/\">Essais et comparatifs<\/a><\/p>\n\n\n\n<p><a href=\"https:\/\/prod.animauxenligne.com\/blog\/video-de-chien-et-chat\/\">Vid\u00e9o<\/a><\/p>\n\n\n\n<p><\/p>\n<\/div>\n\n\n\n<div class=\"wp-block-column is-layout-flow wp-block-column-is-layout-flow\">\n<h2 class=\"wp-block-heading\">CHAT<\/h2>\n\n\n\n<p><a href=\"https:\/\/prod.animauxenligne.com\/blog\/le-chat\/abreuvoir-et-bol-chat\/\">Abreuvoir et bol<\/a><\/p>\n\n\n\n<p><a href=\"https:\/\/prod.animauxenligne.com\/blog\/le-chat\/coussin-et-lit-chat\/\">Coussin et lit<\/a><\/p>\n\n\n\n<p><a href=\"https:\/\/prod.animauxenligne.com\/blog\/le-chat\/enclos-et-cage-pour-chat\/\">Enclos et cage<\/a><\/p>\n\n\n\n<p><a href=\"https:\/\/prod.animauxenligne.com\/blog\/le-chat\/jeu-jouet-et-griffoir-pour-chat\/\">Jeux, jouet et griffoir<\/a><\/p>\n\n\n\n<p><a href=\"https:\/\/prod.animauxenligne.com\/blog\/le-chat\/laisse-et-collier\/\">Laisse, harnais et collier<\/a><\/p>\n\n\n\n<p><a href=\"https:\/\/prod.animauxenligne.com\/blog\/le-chat\/litiere-et-bac\/\">Litiere et bac<\/a><\/p>\n\n\n\n<p><a href=\"https:\/\/prod.animauxenligne.com\/blog\/le-chat\/nourriture-et-gaterie-chat\/\">Nourriture et gaterie<\/a><\/p>\n\n\n\n<p><a href=\"https:\/\/prod.animauxenligne.com\/blog\/le-chat\/race-de-chat\/\">Race de chat<\/a><\/p>\n\n\n\n<p><a href=\"https:\/\/prod.animauxenligne.com\/blog\/le-chat\/sac-et-transport-chat\/\">Sac de transport<\/a><\/p>\n\n\n\n<p><a href=\"https:\/\/prod.animauxenligne.com\/blog\/le-chat\/sante-chat\/\">Sante<\/a><\/p>\n\n\n\n<p><\/p>\n<\/div>\n\n\n\n<div class=\"wp-block-column is-layout-flow wp-block-column-is-layout-flow\">\n<h2 class=\"wp-block-heading\">CHIEN<\/h2>\n\n\n\n<p><a href=\"https:\/\/prod.animauxenligne.com\/blog\/le-chien\/abreuvoir-et-bol-pour-chien\/\">Abreuvoir et bol<\/a><\/p>\n\n\n\n<p><a href=\"https:\/\/prod.animauxenligne.com\/blog\/le-chat\/coussin-et-lit-chat\/\">C<\/a><a href=\"https:\/\/prod.animauxenligne.com\/blog\/le-chien\/coussin-et-lit-pour-chien\/\">oussin et lit<\/a><\/p>\n\n\n\n<p><a href=\"https:\/\/prod.animauxenligne.com\/blog\/le-chien\/escalier-et-rampe-pour-chien\/\">Escalier et rampe<\/a><\/p>\n\n\n\n<p><a href=\"https:\/\/prod.animauxenligne.com\/blog\/le-chien\/jeu-et-jouet\/\">Jeu et jouet <\/a><\/p>\n\n\n\n<p><a href=\"https:\/\/prod.animauxenligne.com\/blog\/le-chien\/laisse-et-harnais-pour-chien\/\">Laisse, harnais et collier <\/a><\/p>\n\n\n\n<p><a href=\"https:\/\/prod.animauxenligne.com\/blog\/le-chat\/nourriture-et-gaterie-chat\/\">Nourriture et gateri<\/a><a href=\"https:\/\/prod.animauxenligne.com\/blog\/le-chien\/nourriture-et-gaterie-pour-chien\/\">e <\/a><\/p>\n\n\n\n<p><a href=\"https:\/\/prod.animauxenligne.com\/blog\/le-chien\/proprete-et-education-pour-chien\/\">Proprete et education<\/a><\/p>\n\n\n\n<p><a href=\"https:\/\/prod.animauxenligne.com\/blog\/le-chien\/race-de-chien\/\">Race de chien<\/a><\/p>\n\n\n\n<p><a href=\"https:\/\/prod.animauxenligne.com\/blog\/le-chien\/sac-et-transport-de-chien\/\">Sac et transport<\/a> <\/p>\n\n\n\n<p><a href=\"https:\/\/prod.animauxenligne.com\/blog\/le-chat\/sante-chat\/\">Sant<\/a><a href=\"https:\/\/prod.animauxenligne.com\/blog\/le-chien\/sante-pour-chien\/\">e <\/a><\/p>\n\n\n\n<p><a href=\"https:\/\/prod.animauxenligne.com\/blog\/le-chien\/vetement-pour-chien\/\">Vetement<\/a><\/p>\n\n\n\n<p> <\/p>\n<\/div>\n<\/div>\n\n\n\n<div class=\"wp-block-columns is-layout-flex wp-container-core-columns-is-layout-28f84493 wp-block-columns-is-layout-flex\">\n<div class=\"wp-block-column is-layout-flow wp-block-column-is-layout-flow\">\n<h2 class=\"wp-block-heading\">TOILETTAGE<\/h2>\n\n\n\n<p><a href=\"https:\/\/prod.animauxenligne.com\/blog\/toilettage-danimaux\/bain-de-toilettage\/\">Bain<\/a><\/p>\n\n\n\n<p><a href=\"https:\/\/prod.animauxenligne.com\/blog\/toilettage-danimaux\/ciseau-de-toilettage\/\">Ciseau<\/a><\/p>\n\n\n\n<p><a href=\"https:\/\/prod.animauxenligne.com\/blog\/toilettage-danimaux\/le-coupe-griffes\/\">Coupe griffe<\/a><\/p>\n\n\n\n<p><a href=\"https:\/\/prod.animauxenligne.com\/blog\/toilettage-danimaux\/epilation-des-poils\/\">Epilation<\/a><\/p>\n\n\n\n<p><a href=\"https:\/\/prod.animauxenligne.com\/blog\/toilettage-danimaux\/foulard-pour-animaux\/\">Foulard<\/a><\/p>\n\n\n\n<p><a href=\"https:\/\/prod.animauxenligne.com\/blog\/toilettage-danimaux\/hygiene-buccale-pour-animaux\/\">hygiene buccale<\/a><\/p>\n\n\n\n<p><a href=\"https:\/\/prod.animauxenligne.com\/blog\/toilettage-danimaux\/parfum-pour-animaux\/\">Parfum<\/a><\/p>\n\n\n\n<p><a href=\"https:\/\/prod.animauxenligne.com\/blog\/toilettage-danimaux\/peigne-et-brosse-de-toilettage\/\">Peigne et brosse<\/a><\/p>\n\n\n\n<p><a href=\"https:\/\/prod.animauxenligne.com\/blog\/toilettage-danimaux\/sechoir-de-toilettage\/\">Sechoir<\/a><\/p>\n\n\n\n<p><a href=\"https:\/\/prod.animauxenligne.com\/blog\/toilettage-danimaux\/shampoing-pour-animaux\/\">Shampoing<\/a><\/p>\n\n\n\n<p><a href=\"https:\/\/prod.animauxenligne.com\/blog\/toilettage-danimaux\/table-de-toilettage\/\">Table<\/a><\/p>\n\n\n\n<p><a href=\"https:\/\/prod.animauxenligne.com\/blog\/toilettage-danimaux\/tondeuse-de-toilettage\/\">Tondeuse<\/a><\/p>\n\n\n\n<p><a href=\"https:\/\/prod.animauxenligne.com\/blog\/toilettage-danimaux\/vetement-de-toilettage\/\">Vetement<\/a><\/p>\n\n\n\n<p><\/p>\n<\/div>\n\n\n\n<div class=\"wp-block-column is-layout-flow wp-block-column-is-layout-flow\">\n<h2 class=\"wp-block-heading\">COMPARATIF<\/h2>\n\n\n\n<p><a href=\"https:\/\/prod.animauxenligne.com\/blog\/essais-et-comparatifs\/produits-de-toilettage\/\">Comparatif toilettage<\/a><\/p>\n\n\n\n<p><a href=\"https:\/\/prod.animauxenligne.com\/blog\/essais-et-comparatifs\/produits-pour-chiens\/\">Comparatif chien<\/a><\/p>\n\n\n\n<p><a href=\"https:\/\/prod.animauxenligne.com\/blog\/essais-et-comparatifs\/produits-pour-chats\/\">Comparatif chat<\/a><\/p>\n\n\n\n<p><\/p>\n<\/div>\n\n\n\n<div class=\"wp-block-column is-layout-flow wp-block-column-is-layout-flow\">\n<h2 class=\"wp-block-heading\">VID\u00c9O<\/h2>\n\n\n\n<p><a href=\"https:\/\/prod.animauxenligne.com\/blog\/video-de-chien-et-chat\/\">Tous vid\u00e9os<\/a><\/p>\n\n\n\n<p><a href=\"https:\/\/prod.animauxenligne.com\/blog\/video-category\/videos-de-chat\/\">Vid\u00e9o de chat<\/a><\/p>\n\n\n\n<p><a href=\"https:\/\/prod.animauxenligne.com\/blog\/video-category\/video-de-chien\/\">Video chien<\/a><\/p>\n\n\n\n<p><a href=\"https:\/\/prod.animauxenligne.com\/blog\/video-category\/videos-de-toilettage\/\">Video toilettage<\/a><\/p>\n<\/div>\n<\/div>\n\n\n\n<p><\/p>\n","protected":false},"excerpt":{"rendered":"<p>CAT\u00c9GORIES Nouveaut\u00e9 Chien Chat Toilettage Essais et comparatifs Vid\u00e9o CHAT Abreuvoir et bol Coussin et lit Enclos et cage Jeux, [&hellip;]<\/p>\n","protected":false},"author":2,"featured_media":0,"parent":0,"menu_order":0,"comment_status":"closed","ping_status":"closed","template":"","meta":{"site-sidebar-layout":"default","site-content-layout":"","ast-site-content-layout":"","site-content-style":"default","site-sidebar-style":"default","ast-global-header-display":"","ast-banner-title-visibility":"","ast-main-header-display":"","ast-hfb-above-header-display":"","ast-hfb-below-header-display":"","ast-hfb-mobile-header-display":"","site-post-title":"","ast-breadcrumbs-content":"","ast-featured-img":"","footer-sml-layout":"","theme-transparent-header-meta":"","adv-header-id-meta":"","stick-header-meta":"","header-above-stick-meta":"","header-main-stick-meta":"","header-below-stick-meta":"","astra-migrate-meta-layouts":"default","ast-page-background-enabled":"default","ast-page-background-meta":{"desktop":{"background-color":"var(--ast-global-color-4)","background-image":"","background-repeat":"repeat","background-position":"center center","background-size":"auto","background-attachment":"scroll","background-type":"","background-media":"","overlay-type":"","overlay-color":"","overlay-opacity":"","overlay-gradient":""},"tablet":{"background-color":"","background-image":"","background-repeat":"repeat","background-position":"center center","background-size":"auto","background-attachment":"scroll","background-type":"","background-media":"","overlay-type":"","overlay-color":"","overlay-opacity":"","overlay-gradient":""},"mobile":{"background-color":"","background-image":"","background-repeat":"repeat","background-position":"center center","background-size":"auto","background-attachment":"scroll","background-type":"","background-media":"","overlay-type":"","overlay-color":"","overlay-opacity":"","overlay-gradient":""}},"ast-content-background-meta":{"desktop":{"background-color":"var(--ast-global-color-5)","background-image":"","background-repeat":"repeat","background-position":"center center","background-size":"auto","background-attachment":"scroll","background-type":"","background-media":"","overlay-type":"","overlay-color":"","overlay-opacity":"","overlay-gradient":""},"tablet":{"background-color":"var(--ast-global-color-5)","background-image":"","background-repeat":"repeat","background-position":"center center","background-size":"auto","background-attachment":"scroll","background-type":"","background-media":"","overlay-type":"","overlay-color":"","overlay-opacity":"","overlay-gradient":""},"mobile":{"background-color":"var(--ast-global-color-5)","background-image":"","background-repeat":"repeat","background-position":"center center","background-size":"auto","background-attachment":"scroll","background-type":"","background-media":"","overlay-type":"","overlay-color":"","overlay-opacity":"","overlay-gradient":""}},"footnotes":""},"class_list":["post-4689","page","type-page","status-publish","hentry"],"yoast_head":"<!-- This site is optimized with the Yoast SEO plugin v25.1 - https:\/\/yoast.com\/wordpress\/plugins\/seo\/ -->\n<title>Sitemap -<\/title>\n<meta name=\"robots\" content=\"index, follow, max-snippet:-1, max-image-preview:large, max-video-preview:-1\" \/>\n<link rel=\"canonical\" href=\"https:\/\/animauxenligne.com\/blog\/sitemap-magazine-animauxenligne\/\" \/>\n<meta property=\"og:locale\" content=\"fr_CA\" \/>\n<meta property=\"og:type\" content=\"article\" \/>\n<meta property=\"og:title\" content=\"Sitemap -\" \/>\n<meta property=\"og:description\" content=\"CAT\u00c9GORIES Nouveaut\u00e9 Chien Chat Toilettage Essais et comparatifs Vid\u00e9o CHAT Abreuvoir et bol Coussin et lit Enclos et cage Jeux, [&hellip;]\" \/>\n<meta property=\"og:url\" content=\"https:\/\/animauxenligne.com\/blog\/sitemap-magazine-animauxenligne\/\" \/>\n<meta property=\"article:publisher\" content=\"https:\/\/www.facebook.com\/animalerieael\/?ref=sgm\" \/>\n<meta property=\"article:modified_time\" content=\"2022-01-18T19:06:32+00:00\" \/>\n<meta property=\"og:image\" content=\"https:\/\/animauxenligne.com\/blog\/wp-content\/uploads\/2021\/12\/AEL-logo-Effets-p300-2.png\" \/>\n\t<meta property=\"og:image:width\" content=\"2736\" \/>\n\t<meta property=\"og:image:height\" content=\"1119\" \/>\n\t<meta property=\"og:image:type\" content=\"image\/png\" \/>\n<meta name=\"twitter:card\" content=\"summary_large_image\" \/>\n<meta name=\"twitter:site\" content=\"@animauxenligne\" \/>\n<meta name=\"twitter:label1\" content=\"Estimation du temps de lecture\" \/>\n\t<meta name=\"twitter:data1\" content=\"1 minute\" \/>\n<script type=\"application\/ld+json\" class=\"yoast-schema-graph\">{\"@context\":\"https:\/\/schema.org\",\"@graph\":[{\"@type\":\"WebPage\",\"@id\":\"https:\/\/animauxenligne.com\/blog\/sitemap-magazine-animauxenligne\/\",\"url\":\"https:\/\/animauxenligne.com\/blog\/sitemap-magazine-animauxenligne\/\",\"name\":\"Sitemap -\",\"isPartOf\":{\"@id\":\"https:\/\/animauxenligne.com\/blog\/#website\"},\"datePublished\":\"2022-01-18T16:35:28+00:00\",\"dateModified\":\"2022-01-18T19:06:32+00:00\",\"breadcrumb\":{\"@id\":\"https:\/\/animauxenligne.com\/blog\/sitemap-magazine-animauxenligne\/#breadcrumb\"},\"inLanguage\":\"fr-CA\",\"potentialAction\":[{\"@type\":\"ReadAction\",\"target\":[\"https:\/\/animauxenligne.com\/blog\/sitemap-magazine-animauxenligne\/\"]}]},{\"@type\":\"BreadcrumbList\",\"@id\":\"https:\/\/animauxenligne.com\/blog\/sitemap-magazine-animauxenligne\/#breadcrumb\",\"itemListElement\":[{\"@type\":\"ListItem\",\"position\":1,\"name\":\"Accueil\",\"item\":\"https:\/\/animauxenligne.com\/blog\/\"},{\"@type\":\"ListItem\",\"position\":2,\"name\":\"Sitemap\"}]},{\"@type\":\"WebSite\",\"@id\":\"https:\/\/animauxenligne.com\/blog\/#website\",\"url\":\"https:\/\/animauxenligne.com\/blog\/\",\"name\":\"\",\"description\":\"Le bien \u00eatre des animaux, disponible partout et livr\u00e9 chez vous !\",\"publisher\":{\"@id\":\"https:\/\/animauxenligne.com\/blog\/#organization\"},\"potentialAction\":[{\"@type\":\"SearchAction\",\"target\":{\"@type\":\"EntryPoint\",\"urlTemplate\":\"https:\/\/animauxenligne.com\/blog\/?s={search_term_string}\"},\"query-input\":{\"@type\":\"PropertyValueSpecification\",\"valueRequired\":true,\"valueName\":\"search_term_string\"}}],\"inLanguage\":\"fr-CA\"},{\"@type\":\"Organization\",\"@id\":\"https:\/\/animauxenligne.com\/blog\/#organization\",\"name\":\"Animaux en ligne\",\"url\":\"https:\/\/animauxenligne.com\/blog\/\",\"logo\":{\"@type\":\"ImageObject\",\"inLanguage\":\"fr-CA\",\"@id\":\"https:\/\/animauxenligne.com\/blog\/#\/schema\/logo\/image\/\",\"url\":\"https:\/\/prod.animauxenligne.com\/blog\/wp-content\/uploads\/2021\/12\/AEL-logo-Effets-p300-2.png\",\"contentUrl\":\"https:\/\/prod.animauxenligne.com\/blog\/wp-content\/uploads\/2021\/12\/AEL-logo-Effets-p300-2.png\",\"width\":2736,\"height\":1119,\"caption\":\"Animaux en ligne\"},\"image\":{\"@id\":\"https:\/\/animauxenligne.com\/blog\/#\/schema\/logo\/image\/\"},\"sameAs\":[\"https:\/\/www.facebook.com\/animalerieael\/?ref=sgm\",\"https:\/\/x.com\/animauxenligne\",\"https:\/\/www.instagram.com\/animauxenligne\/\",\"https:\/\/www.pinterest.fr\/Animauxenligne\/\",\"https:\/\/www.youtube.com\/channel\/UCJwn_ahP-tEufVaYcMOG5BQ\"]}]}<\/script>\n<!-- \/ Yoast SEO plugin. -->","yoast_head_json":{"title":"Sitemap -","robots":{"index":"index","follow":"follow","max-snippet":"max-snippet:-1","max-image-preview":"max-image-preview:large","max-video-preview":"max-video-preview:-1"},"canonical":"https:\/\/animauxenligne.com\/blog\/sitemap-magazine-animauxenligne\/","og_locale":"fr_CA","og_type":"article","og_title":"Sitemap -","og_description":"CAT\u00c9GORIES Nouveaut\u00e9 Chien Chat Toilettage Essais et comparatifs Vid\u00e9o CHAT Abreuvoir et bol Coussin et lit Enclos et cage Jeux, [&hellip;]","og_url":"https:\/\/animauxenligne.com\/blog\/sitemap-magazine-animauxenligne\/","article_publisher":"https:\/\/www.facebook.com\/animalerieael\/?ref=sgm","article_modified_time":"2022-01-18T19:06:32+00:00","og_image":[{"width":2736,"height":1119,"url":"https:\/\/animauxenligne.com\/blog\/wp-content\/uploads\/2021\/12\/AEL-logo-Effets-p300-2.png","type":"image\/png"}],"twitter_card":"summary_large_image","twitter_site":"@animauxenligne","twitter_misc":{"Estimation du temps de lecture":"1 minute"},"schema":{"@context":"https:\/\/schema.org","@graph":[{"@type":"WebPage","@id":"https:\/\/animauxenligne.com\/blog\/sitemap-magazine-animauxenligne\/","url":"https:\/\/animauxenligne.com\/blog\/sitemap-magazine-animauxenligne\/","name":"Sitemap -","isPartOf":{"@id":"https:\/\/animauxenligne.com\/blog\/#website"},"datePublished":"2022-01-18T16:35:28+00:00","dateModified":"2022-01-18T19:06:32+00:00","breadcrumb":{"@id":"https:\/\/animauxenligne.com\/blog\/sitemap-magazine-animauxenligne\/#breadcrumb"},"inLanguage":"fr-CA","potentialAction":[{"@type":"ReadAction","target":["https:\/\/animauxenligne.com\/blog\/sitemap-magazine-animauxenligne\/"]}]},{"@type":"BreadcrumbList","@id":"https:\/\/animauxenligne.com\/blog\/sitemap-magazine-animauxenligne\/#breadcrumb","itemListElement":[{"@type":"ListItem","position":1,"name":"Accueil","item":"https:\/\/animauxenligne.com\/blog\/"},{"@type":"ListItem","position":2,"name":"Sitemap"}]},{"@type":"WebSite","@id":"https:\/\/animauxenligne.com\/blog\/#website","url":"https:\/\/animauxenligne.com\/blog\/","name":"","description":"Le bien \u00eatre des animaux, disponible partout et livr\u00e9 chez vous !","publisher":{"@id":"https:\/\/animauxenligne.com\/blog\/#organization"},"potentialAction":[{"@type":"SearchAction","target":{"@type":"EntryPoint","urlTemplate":"https:\/\/animauxenligne.com\/blog\/?s={search_term_string}"},"query-input":{"@type":"PropertyValueSpecification","valueRequired":true,"valueName":"search_term_string"}}],"inLanguage":"fr-CA"},{"@type":"Organization","@id":"https:\/\/animauxenligne.com\/blog\/#organization","name":"Animaux en ligne","url":"https:\/\/animauxenligne.com\/blog\/","logo":{"@type":"ImageObject","inLanguage":"fr-CA","@id":"https:\/\/animauxenligne.com\/blog\/#\/schema\/logo\/image\/","url":"https:\/\/prod.animauxenligne.com\/blog\/wp-content\/uploads\/2021\/12\/AEL-logo-Effets-p300-2.png","contentUrl":"https:\/\/prod.animauxenligne.com\/blog\/wp-content\/uploads\/2021\/12\/AEL-logo-Effets-p300-2.png","width":2736,"height":1119,"caption":"Animaux en ligne"},"image":{"@id":"https:\/\/animauxenligne.com\/blog\/#\/schema\/logo\/image\/"},"sameAs":["https:\/\/www.facebook.com\/animalerieael\/?ref=sgm","https:\/\/x.com\/animauxenligne","https:\/\/www.instagram.com\/animauxenligne\/","https:\/\/www.pinterest.fr\/Animauxenligne\/","https:\/\/www.youtube.com\/channel\/UCJwn_ahP-tEufVaYcMOG5BQ"]}]}},"_links":{"self":[{"href":"https:\/\/animauxenligne.com\/blog\/wp-json\/wp\/v2\/pages\/4689","targetHints":{"allow":["GET"]}}],"collection":[{"href":"https:\/\/animauxenligne.com\/blog\/wp-json\/wp\/v2\/pages"}],"about":[{"href":"https:\/\/animauxenligne.com\/blog\/wp-json\/wp\/v2\/types\/page"}],"author":[{"embeddable":true,"href":"https:\/\/animauxenligne.com\/blog\/wp-json\/wp\/v2\/users\/2"}],"replies":[{"embeddable":true,"href":"https:\/\/animauxenligne.com\/blog\/wp-json\/wp\/v2\/comments?post=4689"}],"version-history":[{"count":6,"href":"https:\/\/animauxenligne.com\/blog\/wp-json\/wp\/v2\/pages\/4689\/revisions"}],"predecessor-version":[{"id":4714,"href":"https:\/\/animauxenligne.com\/blog\/wp-json\/wp\/v2\/pages\/4689\/revisions\/4714"}],"wp:attachment":[{"href":"https:\/\/animauxenligne.com\/blog\/wp-json\/wp\/v2\/media?parent=4689"}],"curies":[{"name":"wp","href":"https:\/\/api.w.org\/{rel}","templated":true}]}}